{"id":254,"date":"2017-12-14T14:12:57","date_gmt":"2017-12-14T14:12:57","guid":{"rendered":"http:\/\/otiblock.com\/?page_id=254"},"modified":"2018-05-25T07:29:06","modified_gmt":"2018-05-25T07:29:06","slug":"dudas-frecuentes","status":"publish","type":"page","link":"https:\/\/otiblock.com\/cl\/dudas-frecuentes\/","title":{"rendered":"DUDAS FRECUENTES"},"content":{"rendered":"<p>[vc_row rt_row_background_width=\u00bbdefault\u00bb rt_row_style=\u00bbdefault-style\u00bb rt_row_borders=\u00bb\u00bb rt_row_paddings=\u00bbtrue\u00bb rt_bg_effect=\u00bbclassic\u00bb rt_bg_image_repeat=\u00bbrepeat\u00bb rt_bg_size=\u00bbcover\u00bb rt_bg_position=\u00bbright top\u00bb rt_bg_attachment=\u00bbscroll\u00bb rt_bg_video_format=\u00bbself-hosted\u00bb rt_padding_top=\u00bb0px\u00bb rt_padding_bottom=\u00bb35px\u00bb][vc_column rt_wrp_col_paddings=\u00bbfalse\u00bb rt_border_top=\u00bb\u00bb rt_border_bottom=\u00bb\u00bb rt_border_left=\u00bb\u00bb rt_border_right=\u00bb\u00bb rt_border_top_mobile=\u00bb\u00bb rt_border_bottom_mobile=\u00bb\u00bb rt_border_left_mobile=\u00bb\u00bb rt_border_right_mobile=\u00bb\u00bb rt_bg_image_repeat=\u00bbrepeat\u00bb rt_bg_size=\u00bbauto auto\u00bb rt_bg_position=\u00bbright top\u00bb rt_bg_attachment=\u00bbscroll\u00bb][vc_single_image image=\u00bb607&#8243; img_size=\u00bbfull\u00bb alignment=\u00bbcenter\u00bb][\/vc_column][\/vc_row][vc_row rt_row_background_width=\u00bbdefault\u00bb rt_row_style=\u00bbdefault-style\u00bb rt_row_borders=\u00bb\u00bb rt_row_paddings=\u00bbtrue\u00bb rt_bg_effect=\u00bbclassic\u00bb rt_bg_image_repeat=\u00bbrepeat\u00bb rt_bg_size=\u00bbcover\u00bb rt_bg_position=\u00bbright top\u00bb rt_bg_attachment=\u00bbscroll\u00bb rt_bg_video_format=\u00bbself-hosted\u00bb rt_padding_top=\u00bb15px\u00bb rt_padding_bottom=\u00bb45&#8243;][vc_column rt_wrp_col_paddings=\u00bbfalse\u00bb rt_border_top=\u00bb\u00bb rt_border_bottom=\u00bb\u00bb rt_border_left=\u00bb\u00bb rt_border_right=\u00bb\u00bb rt_border_top_mobile=\u00bb\u00bb rt_border_bottom_mobile=\u00bb\u00bb rt_border_left_mobile=\u00bb\u00bb rt_border_right_mobile=\u00bb\u00bb rt_bg_image_repeat=\u00bbrepeat\u00bb rt_bg_size=\u00bbauto auto\u00bb rt_bg_position=\u00bbright top\u00bb rt_bg_attachment=\u00bbscroll\u00bb][vc_column_text]<\/p>\n<h4 style=\"text-align: center;\">Dudas frecuentes sobre\u00a0<span style=\"color: #459ccc;\">OTIBLOCK\u00ae<\/span><\/h4>\n<p>[\/vc_column_text][\/vc_column][\/vc_row][vc_row rt_row_background_width=\u00bbdefault\u00bb rt_row_style=\u00bbdefault-style\u00bb rt_row_borders=\u00bb\u00bb rt_row_paddings=\u00bbtrue\u00bb rt_bg_effect=\u00bbclassic\u00bb rt_bg_image_repeat=\u00bbrepeat\u00bb rt_bg_size=\u00bbcover\u00bb rt_bg_position=\u00bbright top\u00bb rt_bg_attachment=\u00bbscroll\u00bb rt_bg_video_format=\u00bbself-hosted\u00bb rt_bg_color=\u00bb#f7f7f7&#8243; rt_padding_top=\u00bb35px\u00bb rt_padding_left=\u00bb35px\u00bb rt_padding_right=\u00bb35px\u00bb rt_padding_bottom=\u00bb35px\u00bb][vc_column rt_wrp_col_paddings=\u00bbfalse\u00bb rt_border_top=\u00bb\u00bb rt_border_bottom=\u00bb\u00bb rt_border_left=\u00bb\u00bb rt_border_right=\u00bb\u00bb rt_border_top_mobile=\u00bb\u00bb rt_border_bottom_mobile=\u00bb\u00bb rt_border_left_mobile=\u00bb\u00bb rt_border_right_mobile=\u00bb\u00bb rt_bg_image_repeat=\u00bbrepeat\u00bb rt_bg_size=\u00bbauto auto\u00bb rt_bg_position=\u00bbright top\u00bb rt_bg_attachment=\u00bbscroll\u00bb][vc_tta_accordion gap=\u00bb10&#8243; active_section=\u00bb1&#8243; no_fill=\u00bbtrue\u00bb css=\u00bb.vc_custom_1513262783887{padding-top: 15px !important;padding-bottom: 55px !important;}\u00bb][vc_tta_section title=\u00bb\u00bfEs necesario tratar mis o\u00eddos para evitar la acumulaci\u00f3n de cerumen?\u00bb tab_id=\u00bb1513261444770-a6187da2-587e\u00bb][vc_column_text]El cerumen es bueno y es una secreci\u00f3n natural de su cuerpo para proteger el o\u00eddo. No requiere una inspecci\u00f3n peri\u00f3dica o procedimiento de limpieza a menos que su m\u00e9dico determine que lo necesita porque tiene antecedentes de acumulaci\u00f3n de cerumen excesivo o usted pertenece a uno de los grupos de riesgo. Si es as\u00ed, preg\u00fantele a su m\u00e9dico si hay algo que debe hacer para prevenir o reducir la acumulaci\u00f3n de cera.[\/vc_column_text][\/vc_tta_section][vc_tta_section title=\u00bb\u00bfPuedo usar cotonitos de algod\u00f3n?\u00bb tab_id=\u00bb1513261445009-470e75b7-d2ec\u00bb][vc_column_text]Nunca. Nunca debe insertar ning\u00fan objeto en su o\u00eddo. Los m\u00e9dicos dicen que nunca se debe introducir nada en el o\u00eddo m\u00e1s peque\u00f1o que el codo.<br \/>\nLos bastoncillos con punta de algod\u00f3n pueden empujar la cera m\u00e1s profundamente dentro del o\u00eddo y empeorar la impactaci\u00f3n o traumatizar el canal auditivo.[\/vc_column_text][\/vc_tta_section][vc_tta_section title=\u00bb\u00bfDuele quitar cerumen?\u00bb tab_id=\u00bb1513261959627-f32e8f6b-d6a0&#8243;][vc_column_text]Los procedimientos utilizados para eliminar el cerumen no deben ser dolorosos. La administraci\u00f3n de un l\u00edquido en el o\u00eddo puede provocar una sensaci\u00f3n estra\u00f1a, pero no deber\u00eda doler.[\/vc_column_text][\/vc_tta_section][vc_tta_section title=\u00bb\u00bfLas velas son efectivas y seguras?\u00bb tab_id=\u00bb1513262142689-18779404-f173&#8243;][vc_column_text]No hay evidencia disponible para sugerir que las velas del o\u00eddo sean un tratamiento efectivo para eliminar la acumulaci\u00f3n de cerumen. Adem\u00e1s, est\u00e1n asociados con un riesgo considerable de quemaduras, perforaci\u00f3n de la membrana timp\u00e1nica, etc.[\/vc_column_text][\/vc_tta_section][vc_tta_section title=\u00bb\u00bfCu\u00e1nto tiempo dura un envase de OTIBLOCK\u00ae Spray?\u00bb tab_id=\u00bb1513262225242-07b18c33-b50a\u00bb][vc_column_text]Un envase de OTIBLOCK<sup>\u00ae<\/sup>\u00a0Spray contiene suficiente cantidad de l\u00edquido para, aproximadamente, 20 d\u00edas de tratamiento (basado en la suposici\u00f3n de que se usa en un solo o\u00eddo, tres veces al d\u00eda).[\/vc_column_text][\/vc_tta_section][vc_tta_section title=\u00bb\u00bfEl uso de gotas para los o\u00eddos antibi\u00f3ticos es compatible con OTIBLOCK\u00ae Spray?\u00bb tab_id=\u00bb1513262303133-a444e738-4560&#8243;][vc_column_text]Si le han prescrito gotas antibi\u00f3ticas para los o\u00eddos y OTIBLOCK<sup>\u00ae<\/sup>\u00a0Spray al mismo tiempo, el per\u00f3xido de hidr\u00f3geno contenido en OTIBLOCK<sup>\u00ae\u00a0<\/sup>Spray puede da\u00f1ar los ingredientes activos de los antibi\u00f3ticos. Para evitarlo, es importante que use primero OTIBLOCK<sup>\u00ae<\/sup>\u00a0Spray y 30 minutos m\u00e1s tarde las gotas antibi\u00f3ticas para los o\u00eddos.[\/vc_column_text][\/vc_tta_section][vc_tta_section title=\u00bbCuando roc\u00edo OTIBLOCK\u00ae Spray en mi o\u00eddo, experimento una sensaci\u00f3n de mareo. \u00bfEs normal?\u00bb tab_id=\u00bb1513262430444-d5235811-75ce\u00bb][vc_column_text]S\u00ed. Por lo general, esto se debe a la diferencia de temperatura entre su o\u00eddo y el l\u00edquido. Puede evitarlo calentando OTIBLOCK<sup>\u00ae\u00a0<\/sup>Spray entre sus manos antes de usarlo.[\/vc_column_text][\/vc_tta_section][\/vc_tta_accordion][\/vc_column][\/vc_row]<\/p>\n","protected":false},"excerpt":{"rendered":"<p>[vc_row rt_row_background_width=\u00bbdefault\u00bb rt_row_style=\u00bbdefault-style\u00bb rt_row_borders=\u00bb\u00bb rt_row_paddings=\u00bbtrue\u00bb rt_bg_effect=\u00bbclassic\u00bb rt_bg_image_repeat=\u00bbrepeat\u00bb rt_bg_size=\u00bbcover\u00bb rt_bg_position=\u00bbright top\u00bb rt_bg_attachment=\u00bbscroll\u00bb rt_bg_video_format=\u00bbself-hosted\u00bb rt_padding_top=\u00bb0px\u00bb rt_padding_bottom=\u00bb35px\u00bb][vc_column rt_wrp_col_paddings=\u00bbfalse\u00bb rt_border_top=\u00bb\u00bb rt_border_bottom=\u00bb\u00bb rt_border_left=\u00bb\u00bb rt_border_right=\u00bb\u00bb rt_border_top_mobile=\u00bb\u00bb rt_border_bottom_mobile=\u00bb\u00bb rt_border_left_mobile=\u00bb\u00bb rt_border_right_mobile=\u00bb\u00bb rt_bg_image_repeat=\u00bbrepeat\u00bb rt_bg_size=\u00bbauto auto\u00bb rt_bg_position=\u00bbright top\u00bb rt_bg_attachment=\u00bbscroll\u00bb][vc_single_image image=\u00bb607&#8243; img_size=\u00bbfull\u00bb alignment=\u00bbcenter\u00bb][\/vc_column][\/vc_row][vc_row rt_row_background_width=\u00bbdefault\u00bb rt_row_style=\u00bbdefault-style\u00bb rt_row_borders=\u00bb\u00bb rt_row_paddings=\u00bbtrue\u00bb rt_bg_effect=\u00bbclassic\u00bb rt_bg_image_repeat=\u00bbrepeat\u00bb rt_bg_size=\u00bbcover\u00bb rt_bg_position=\u00bbright top\u00bb rt_bg_attachment=\u00bbscroll\u00bb rt_bg_video_format=\u00bbself-hosted\u00bb rt_padding_top=\u00bb15px\u00bb rt_padding_bottom=\u00bb45&#8243;][vc_column rt_wrp_col_paddings=\u00bbfalse\u00bb rt_border_top=\u00bb\u00bb rt_border_bottom=\u00bb\u00bb rt_border_left=\u00bb\u00bb rt_border_right=\u00bb\u00bb rt_border_top_mobile=\u00bb\u00bb rt_border_bottom_mobile=\u00bb\u00bb rt_border_left_mobile=\u00bb\u00bb rt_border_right_mobile=\u00bb\u00bb rt_bg_image_repeat=\u00bbrepeat\u00bb [&hellip;]<\/p>\n","protected":false},"author":5,"featured_media":0,"parent":0,"menu_order":0,"comment_status":"closed","ping_status":"closed","template":"","meta":[],"yoast_head":"<!-- This site is optimized with the Yoast SEO plugin v19.10 - https:\/\/yoast.com\/wordpress\/plugins\/seo\/ -->\n<title>DUDAS FRECUENTES- OTIBLOCK\u00ae<\/title>\n<meta name=\"description\" content=\"FAQs - OTIBLOCK\u00ae\" \/>\n<meta name=\"robots\" content=\"index, follow, max-snippet:-1, max-image-preview:large, max-video-preview:-1\" \/>\n<link rel=\"canonical\" href=\"https:\/\/otiblock.com\/cl\/dudas-frecuentes\/\" \/>\n<meta property=\"og:locale\" content=\"es_ES\" \/>\n<meta property=\"og:type\" content=\"article\" \/>\n<meta property=\"og:title\" content=\"DUDAS FRECUENTES- OTIBLOCK\u00ae\" \/>\n<meta property=\"og:description\" content=\"FAQs - OTIBLOCK\u00ae\" \/>\n<meta property=\"og:url\" content=\"https:\/\/otiblock.com\/cl\/dudas-frecuentes\/\" \/>\n<meta property=\"og:site_name\" content=\"OTIBLOCK\u00ae\" \/>\n<meta property=\"article:modified_time\" content=\"2018-05-25T07:29:06+00:00\" \/>\n<meta name=\"twitter:card\" content=\"summary_large_image\" \/>\n<meta name=\"twitter:label1\" content=\"Tiempo de lectura\" \/>\n\t<meta name=\"twitter:data1\" content=\"5 minutos\" \/>\n<script type=\"application\/ld+json\" class=\"yoast-schema-graph\">{\"@context\":\"https:\/\/schema.org\",\"@graph\":[{\"@type\":\"WebPage\",\"@id\":\"https:\/\/otiblock.com\/cl\/dudas-frecuentes\/\",\"url\":\"https:\/\/otiblock.com\/cl\/dudas-frecuentes\/\",\"name\":\"DUDAS FRECUENTES- OTIBLOCK\u00ae\",\"isPartOf\":{\"@id\":\"https:\/\/otiblock.com\/cl\/#website\"},\"datePublished\":\"2017-12-14T14:12:57+00:00\",\"dateModified\":\"2018-05-25T07:29:06+00:00\",\"description\":\"FAQs - OTIBLOCK\u00ae\",\"breadcrumb\":{\"@id\":\"https:\/\/otiblock.com\/cl\/dudas-frecuentes\/#breadcrumb\"},\"inLanguage\":\"es\",\"potentialAction\":[{\"@type\":\"ReadAction\",\"target\":[\"https:\/\/otiblock.com\/cl\/dudas-frecuentes\/\"]}]},{\"@type\":\"BreadcrumbList\",\"@id\":\"https:\/\/otiblock.com\/cl\/dudas-frecuentes\/#breadcrumb\",\"itemListElement\":[{\"@type\":\"ListItem\",\"position\":1,\"name\":\"Portada\",\"item\":\"https:\/\/otiblock.com\/cl\/\"},{\"@type\":\"ListItem\",\"position\":2,\"name\":\"DUDAS FRECUENTES\"}]},{\"@type\":\"WebSite\",\"@id\":\"https:\/\/otiblock.com\/cl\/#website\",\"url\":\"https:\/\/otiblock.com\/cl\/\",\"name\":\"OTIBLOCK\u00ae\",\"description\":\"Spray\",\"potentialAction\":[{\"@type\":\"SearchAction\",\"target\":{\"@type\":\"EntryPoint\",\"urlTemplate\":\"https:\/\/otiblock.com\/cl\/?s={search_term_string}\"},\"query-input\":\"required name=search_term_string\"}],\"inLanguage\":\"es\"}]}<\/script>\n<!-- \/ Yoast SEO plugin. -->","yoast_head_json":{"title":"DUDAS FRECUENTES- OTIBLOCK\u00ae","description":"FAQs - OTIBLOCK\u00ae","robots":{"index":"index","follow":"follow","max-snippet":"max-snippet:-1","max-image-preview":"max-image-preview:large","max-video-preview":"max-video-preview:-1"},"canonical":"https:\/\/otiblock.com\/cl\/dudas-frecuentes\/","og_locale":"es_ES","og_type":"article","og_title":"DUDAS FRECUENTES- OTIBLOCK\u00ae","og_description":"FAQs - OTIBLOCK\u00ae","og_url":"https:\/\/otiblock.com\/cl\/dudas-frecuentes\/","og_site_name":"OTIBLOCK\u00ae","article_modified_time":"2018-05-25T07:29:06+00:00","twitter_card":"summary_large_image","twitter_misc":{"Tiempo de lectura":"5 minutos"},"schema":{"@context":"https:\/\/schema.org","@graph":[{"@type":"WebPage","@id":"https:\/\/otiblock.com\/cl\/dudas-frecuentes\/","url":"https:\/\/otiblock.com\/cl\/dudas-frecuentes\/","name":"DUDAS FRECUENTES- OTIBLOCK\u00ae","isPartOf":{"@id":"https:\/\/otiblock.com\/cl\/#website"},"datePublished":"2017-12-14T14:12:57+00:00","dateModified":"2018-05-25T07:29:06+00:00","description":"FAQs - OTIBLOCK\u00ae","breadcrumb":{"@id":"https:\/\/otiblock.com\/cl\/dudas-frecuentes\/#breadcrumb"},"inLanguage":"es","potentialAction":[{"@type":"ReadAction","target":["https:\/\/otiblock.com\/cl\/dudas-frecuentes\/"]}]},{"@type":"BreadcrumbList","@id":"https:\/\/otiblock.com\/cl\/dudas-frecuentes\/#breadcrumb","itemListElement":[{"@type":"ListItem","position":1,"name":"Portada","item":"https:\/\/otiblock.com\/cl\/"},{"@type":"ListItem","position":2,"name":"DUDAS FRECUENTES"}]},{"@type":"WebSite","@id":"https:\/\/otiblock.com\/cl\/#website","url":"https:\/\/otiblock.com\/cl\/","name":"OTIBLOCK\u00ae","description":"Spray","potentialAction":[{"@type":"SearchAction","target":{"@type":"EntryPoint","urlTemplate":"https:\/\/otiblock.com\/cl\/?s={search_term_string}"},"query-input":"required name=search_term_string"}],"inLanguage":"es"}]}},"_links":{"self":[{"href":"https:\/\/otiblock.com\/cl\/wp-json\/wp\/v2\/pages\/254"}],"collection":[{"href":"https:\/\/otiblock.com\/cl\/wp-json\/wp\/v2\/pages"}],"about":[{"href":"https:\/\/otiblock.com\/cl\/wp-json\/wp\/v2\/types\/page"}],"author":[{"embeddable":true,"href":"https:\/\/otiblock.com\/cl\/wp-json\/wp\/v2\/users\/5"}],"replies":[{"embeddable":true,"href":"https:\/\/otiblock.com\/cl\/wp-json\/wp\/v2\/comments?post=254"}],"version-history":[{"count":30,"href":"https:\/\/otiblock.com\/cl\/wp-json\/wp\/v2\/pages\/254\/revisions"}],"predecessor-version":[{"id":608,"href":"https:\/\/otiblock.com\/cl\/wp-json\/wp\/v2\/pages\/254\/revisions\/608"}],"wp:attachment":[{"href":"https:\/\/otiblock.com\/cl\/wp-json\/wp\/v2\/media?parent=254"}],"curies":[{"name":"wp","href":"https:\/\/api.w.org\/{rel}","templated":true}]}}