{"id":270,"date":"2017-12-14T15:02:44","date_gmt":"2017-12-14T15:02:44","guid":{"rendered":"http:\/\/otiblock.com\/?page_id=270"},"modified":"2018-06-25T13:39:14","modified_gmt":"2018-06-25T13:39:14","slug":"para-profesionales-de-la-salud","status":"publish","type":"page","link":"https:\/\/otiblock.com\/cl\/para-profesionales-de-la-salud\/","title":{"rendered":"PARA PROFESIONALES DE LA SALUD"},"content":{"rendered":"<p>[vc_row rt_row_background_width=\u00bbdefault\u00bb rt_row_style=\u00bbdefault-style\u00bb rt_row_borders=\u00bb\u00bb rt_row_paddings=\u00bbtrue\u00bb rt_bg_effect=\u00bbclassic\u00bb rt_bg_image_repeat=\u00bbrepeat\u00bb rt_bg_size=\u00bbcover\u00bb rt_bg_position=\u00bbright top\u00bb rt_bg_attachment=\u00bbscroll\u00bb rt_bg_video_format=\u00bbself-hosted\u00bb rt_padding_top=\u00bb0px\u00bb rt_padding_bottom=\u00bb35px\u00bb][vc_column rt_wrp_col_paddings=\u00bbfalse\u00bb rt_border_top=\u00bb\u00bb rt_border_bottom=\u00bb\u00bb rt_border_left=\u00bb\u00bb rt_border_right=\u00bb\u00bb rt_border_top_mobile=\u00bb\u00bb rt_border_bottom_mobile=\u00bb\u00bb rt_border_left_mobile=\u00bb\u00bb rt_border_right_mobile=\u00bb\u00bb rt_bg_image_repeat=\u00bbrepeat\u00bb rt_bg_size=\u00bbauto auto\u00bb rt_bg_position=\u00bbright top\u00bb rt_bg_attachment=\u00bbscroll\u00bb][vc_single_image image=\u00bb609&#8243; img_size=\u00bbfull\u00bb alignment=\u00bbcenter\u00bb][\/vc_column][\/vc_row][vc_row rt_row_background_width=\u00bbdefault\u00bb rt_row_style=\u00bbdefault-style\u00bb rt_row_borders=\u00bb\u00bb rt_row_paddings=\u00bbtrue\u00bb rt_bg_effect=\u00bbclassic\u00bb rt_bg_image_repeat=\u00bbrepeat\u00bb rt_bg_size=\u00bbcover\u00bb rt_bg_position=\u00bbright top\u00bb rt_bg_attachment=\u00bbscroll\u00bb rt_bg_video_format=\u00bbself-hosted\u00bb rt_padding_top=\u00bb15px\u00bb][vc_column rt_wrp_col_paddings=\u00bbfalse\u00bb rt_border_top=\u00bb\u00bb rt_border_bottom=\u00bb\u00bb rt_border_left=\u00bb\u00bb rt_border_right=\u00bb\u00bb rt_border_top_mobile=\u00bb\u00bb rt_border_bottom_mobile=\u00bb\u00bb rt_border_left_mobile=\u00bb\u00bb rt_border_right_mobile=\u00bb\u00bb rt_bg_image_repeat=\u00bbrepeat\u00bb rt_bg_size=\u00bbauto auto\u00bb rt_bg_position=\u00bbright top\u00bb rt_bg_attachment=\u00bbscroll\u00bb][vc_column_text]<\/p>\n<h4 style=\"text-align: center;\">Informaci\u00f3n exclusiva para profesionales de la salud<\/h4>\n<p>[\/vc_column_text][vc_column_text css=\u00bb.vc_custom_1526029068506{padding-right: 85px !important;padding-left: 85px !important;}\u00bb]<\/p>\n<p style=\"text-align: center;\">La informaci\u00f3n contenida en esta p\u00e1gina es exclusivamente para profesionales de la salud autorizados, por lo que se requiere una capacitaci\u00f3n especializada para su correcta interpretaci\u00f3n.<\/p>\n<p style=\"text-align: center;\"><strong>\u00bfEs Vd. un profesional de la salud?<\/strong><\/p>\n<p>[\/vc_column_text][\/vc_column][\/vc_row][vc_row rt_row_background_width=\u00bbdefault\u00bb rt_row_style=\u00bbdefault-style\u00bb rt_column_placement=\u00bbmiddle\u00bb rt_row_borders=\u00bb\u00bb rt_equal_heights=\u00bbtrue\u00bb rt_row_paddings=\u00bbtrue\u00bb rt_bg_effect=\u00bbclassic\u00bb rt_bg_image_repeat=\u00bbrepeat\u00bb rt_bg_size=\u00bbcover\u00bb rt_bg_position=\u00bbright top\u00bb rt_bg_attachment=\u00bbscroll\u00bb rt_bg_video_format=\u00bbself-hosted\u00bb rt_bg_color=\u00bb#f7f7f7&#8243;][vc_column width=\u00bb1\/2&#8243; rt_wrp_col_paddings=\u00bbfalse\u00bb rt_border_top=\u00bb\u00bb rt_border_bottom=\u00bb\u00bb rt_border_left=\u00bb\u00bb rt_border_right=\u00bb\u00bb rt_border_top_mobile=\u00bb\u00bb rt_border_bottom_mobile=\u00bb\u00bb rt_border_left_mobile=\u00bb\u00bb rt_border_right_mobile=\u00bb\u00bb rt_bg_image_repeat=\u00bbrepeat\u00bb rt_bg_size=\u00bbauto auto\u00bb rt_bg_position=\u00bbright top\u00bb rt_bg_attachment=\u00bbscroll\u00bb][vc_btn title=\u00bbS\u00cd\u00bb color=\u00bbprimary\u00bb align=\u00bbright\u00bb link=\u00bburl:http%3A%2F%2Fotiblock.com%2Fcl%2Finformacion-para-profesionales-de-la-salud%2F|||\u00bb][\/vc_column][vc_column width=\u00bb1\/2&#8243; rt_wrp_col_paddings=\u00bbfalse\u00bb rt_border_top=\u00bb\u00bb rt_border_bottom=\u00bb\u00bb rt_border_left=\u00bb\u00bb rt_border_right=\u00bb\u00bb rt_border_top_mobile=\u00bb\u00bb rt_border_bottom_mobile=\u00bb\u00bb rt_border_left_mobile=\u00bb\u00bb rt_border_right_mobile=\u00bb\u00bb rt_bg_image_repeat=\u00bbrepeat\u00bb rt_bg_size=\u00bbauto auto\u00bb rt_bg_position=\u00bbright top\u00bb rt_bg_attachment=\u00bbscroll\u00bb][vc_btn title=\u00bbNO\u00bb color=\u00bbprimary\u00bb][\/vc_column][\/vc_row][vc_row rt_row_background_width=\u00bbdefault\u00bb rt_row_style=\u00bbdefault-style\u00bb rt_row_borders=\u00bb\u00bb rt_row_paddings=\u00bbtrue\u00bb rt_bg_effect=\u00bbclassic\u00bb rt_bg_image_repeat=\u00bbrepeat\u00bb rt_bg_size=\u00bbcover\u00bb rt_bg_position=\u00bbright top\u00bb rt_bg_attachment=\u00bbscroll\u00bb rt_bg_video_format=\u00bbself-hosted\u00bb][vc_column rt_wrp_col_paddings=\u00bbfalse\u00bb rt_border_top=\u00bb\u00bb rt_border_bottom=\u00bb\u00bb rt_border_left=\u00bb\u00bb rt_border_right=\u00bb\u00bb rt_border_top_mobile=\u00bb\u00bb rt_border_bottom_mobile=\u00bb\u00bb rt_border_left_mobile=\u00bb\u00bb rt_border_right_mobile=\u00bb\u00bb rt_bg_image_repeat=\u00bbrepeat\u00bb rt_bg_size=\u00bbauto auto\u00bb rt_bg_position=\u00bbright top\u00bb rt_bg_attachment=\u00bbscroll\u00bb][vc_empty_space height=\u00bb95px\u00bb][\/vc_column][\/vc_row]<\/p>\n","protected":false},"excerpt":{"rendered":"<p>[vc_row rt_row_background_width=\u00bbdefault\u00bb rt_row_style=\u00bbdefault-style\u00bb rt_row_borders=\u00bb\u00bb rt_row_paddings=\u00bbtrue\u00bb rt_bg_effect=\u00bbclassic\u00bb rt_bg_image_repeat=\u00bbrepeat\u00bb rt_bg_size=\u00bbcover\u00bb rt_bg_position=\u00bbright top\u00bb rt_bg_attachment=\u00bbscroll\u00bb rt_bg_video_format=\u00bbself-hosted\u00bb rt_padding_top=\u00bb0px\u00bb rt_padding_bottom=\u00bb35px\u00bb][vc_column rt_wrp_col_paddings=\u00bbfalse\u00bb rt_border_top=\u00bb\u00bb rt_border_bottom=\u00bb\u00bb rt_border_left=\u00bb\u00bb rt_border_right=\u00bb\u00bb rt_border_top_mobile=\u00bb\u00bb rt_border_bottom_mobile=\u00bb\u00bb rt_border_left_mobile=\u00bb\u00bb rt_border_right_mobile=\u00bb\u00bb rt_bg_image_repeat=\u00bbrepeat\u00bb rt_bg_size=\u00bbauto auto\u00bb rt_bg_position=\u00bbright top\u00bb rt_bg_attachment=\u00bbscroll\u00bb][vc_single_image image=\u00bb609&#8243; img_size=\u00bbfull\u00bb alignment=\u00bbcenter\u00bb][\/vc_column][\/vc_row][vc_row rt_row_background_width=\u00bbdefault\u00bb rt_row_style=\u00bbdefault-style\u00bb rt_row_borders=\u00bb\u00bb rt_row_paddings=\u00bbtrue\u00bb rt_bg_effect=\u00bbclassic\u00bb rt_bg_image_repeat=\u00bbrepeat\u00bb rt_bg_size=\u00bbcover\u00bb rt_bg_position=\u00bbright top\u00bb rt_bg_attachment=\u00bbscroll\u00bb rt_bg_video_format=\u00bbself-hosted\u00bb rt_padding_top=\u00bb15px\u00bb][vc_column rt_wrp_col_paddings=\u00bbfalse\u00bb rt_border_top=\u00bb\u00bb rt_border_bottom=\u00bb\u00bb rt_border_left=\u00bb\u00bb rt_border_right=\u00bb\u00bb rt_border_top_mobile=\u00bb\u00bb rt_border_bottom_mobile=\u00bb\u00bb rt_border_left_mobile=\u00bb\u00bb rt_border_right_mobile=\u00bb\u00bb rt_bg_image_repeat=\u00bbrepeat\u00bb rt_bg_size=\u00bbauto [&hellip;]<\/p>\n","protected":false},"author":5,"featured_media":0,"parent":0,"menu_order":0,"comment_status":"closed","ping_status":"closed","template":"","meta":[],"yoast_head":"<!-- This site is optimized with the Yoast SEO plugin v19.10 - https:\/\/yoast.com\/wordpress\/plugins\/seo\/ -->\n<title>PARA PROFESIONALES DE LA SALUD - OTIBLOCK\u00ae<\/title>\n<meta name=\"description\" content=\"La informaci\u00f3n contenida en esta p\u00e1gina es exclusivamente para profesionales de la salud autorizados, por lo que se requiere una capacitaci\u00f3n especializada para su correcta interpretaci\u00f3n.\" \/>\n<meta name=\"robots\" content=\"index, follow, max-snippet:-1, max-image-preview:large, max-video-preview:-1\" \/>\n<link rel=\"canonical\" href=\"https:\/\/otiblock.com\/cl\/para-profesionales-de-la-salud\/\" \/>\n<meta property=\"og:locale\" content=\"es_ES\" \/>\n<meta property=\"og:type\" content=\"article\" \/>\n<meta property=\"og:title\" content=\"PARA PROFESIONALES DE LA SALUD - OTIBLOCK\u00ae\" \/>\n<meta property=\"og:description\" content=\"La informaci\u00f3n contenida en esta p\u00e1gina es exclusivamente para profesionales de la salud autorizados, por lo que se requiere una capacitaci\u00f3n especializada para su correcta interpretaci\u00f3n.\" \/>\n<meta property=\"og:url\" content=\"https:\/\/otiblock.com\/cl\/para-profesionales-de-la-salud\/\" \/>\n<meta property=\"og:site_name\" content=\"OTIBLOCK\u00ae\" \/>\n<meta property=\"article:modified_time\" content=\"2018-06-25T13:39:14+00:00\" \/>\n<meta name=\"twitter:card\" content=\"summary_large_image\" \/>\n<meta name=\"twitter:label1\" content=\"Tiempo de lectura\" \/>\n\t<meta name=\"twitter:data1\" content=\"3 minutos\" \/>\n<script type=\"application\/ld+json\" class=\"yoast-schema-graph\">{\"@context\":\"https:\/\/schema.org\",\"@graph\":[{\"@type\":\"WebPage\",\"@id\":\"https:\/\/otiblock.com\/cl\/para-profesionales-de-la-salud\/\",\"url\":\"https:\/\/otiblock.com\/cl\/para-profesionales-de-la-salud\/\",\"name\":\"PARA PROFESIONALES DE LA SALUD - OTIBLOCK\u00ae\",\"isPartOf\":{\"@id\":\"https:\/\/otiblock.com\/cl\/#website\"},\"datePublished\":\"2017-12-14T15:02:44+00:00\",\"dateModified\":\"2018-06-25T13:39:14+00:00\",\"description\":\"La informaci\u00f3n contenida en esta p\u00e1gina es exclusivamente para profesionales de la salud autorizados, por lo que se requiere una capacitaci\u00f3n especializada para su correcta interpretaci\u00f3n.\",\"breadcrumb\":{\"@id\":\"https:\/\/otiblock.com\/cl\/para-profesionales-de-la-salud\/#breadcrumb\"},\"inLanguage\":\"es\",\"potentialAction\":[{\"@type\":\"ReadAction\",\"target\":[\"https:\/\/otiblock.com\/cl\/para-profesionales-de-la-salud\/\"]}]},{\"@type\":\"BreadcrumbList\",\"@id\":\"https:\/\/otiblock.com\/cl\/para-profesionales-de-la-salud\/#breadcrumb\",\"itemListElement\":[{\"@type\":\"ListItem\",\"position\":1,\"name\":\"Portada\",\"item\":\"https:\/\/otiblock.com\/cl\/\"},{\"@type\":\"ListItem\",\"position\":2,\"name\":\"PARA PROFESIONALES DE LA SALUD\"}]},{\"@type\":\"WebSite\",\"@id\":\"https:\/\/otiblock.com\/cl\/#website\",\"url\":\"https:\/\/otiblock.com\/cl\/\",\"name\":\"OTIBLOCK\u00ae\",\"description\":\"Spray\",\"potentialAction\":[{\"@type\":\"SearchAction\",\"target\":{\"@type\":\"EntryPoint\",\"urlTemplate\":\"https:\/\/otiblock.com\/cl\/?s={search_term_string}\"},\"query-input\":\"required name=search_term_string\"}],\"inLanguage\":\"es\"}]}<\/script>\n<!-- \/ Yoast SEO plugin. -->","yoast_head_json":{"title":"PARA PROFESIONALES DE LA SALUD - OTIBLOCK\u00ae","description":"La informaci\u00f3n contenida en esta p\u00e1gina es exclusivamente para profesionales de la salud autorizados, por lo que se requiere una capacitaci\u00f3n especializada para su correcta interpretaci\u00f3n.","robots":{"index":"index","follow":"follow","max-snippet":"max-snippet:-1","max-image-preview":"max-image-preview:large","max-video-preview":"max-video-preview:-1"},"canonical":"https:\/\/otiblock.com\/cl\/para-profesionales-de-la-salud\/","og_locale":"es_ES","og_type":"article","og_title":"PARA PROFESIONALES DE LA SALUD - OTIBLOCK\u00ae","og_description":"La informaci\u00f3n contenida en esta p\u00e1gina es exclusivamente para profesionales de la salud autorizados, por lo que se requiere una capacitaci\u00f3n especializada para su correcta interpretaci\u00f3n.","og_url":"https:\/\/otiblock.com\/cl\/para-profesionales-de-la-salud\/","og_site_name":"OTIBLOCK\u00ae","article_modified_time":"2018-06-25T13:39:14+00:00","twitter_card":"summary_large_image","twitter_misc":{"Tiempo de lectura":"3 minutos"},"schema":{"@context":"https:\/\/schema.org","@graph":[{"@type":"WebPage","@id":"https:\/\/otiblock.com\/cl\/para-profesionales-de-la-salud\/","url":"https:\/\/otiblock.com\/cl\/para-profesionales-de-la-salud\/","name":"PARA PROFESIONALES DE LA SALUD - OTIBLOCK\u00ae","isPartOf":{"@id":"https:\/\/otiblock.com\/cl\/#website"},"datePublished":"2017-12-14T15:02:44+00:00","dateModified":"2018-06-25T13:39:14+00:00","description":"La informaci\u00f3n contenida en esta p\u00e1gina es exclusivamente para profesionales de la salud autorizados, por lo que se requiere una capacitaci\u00f3n especializada para su correcta interpretaci\u00f3n.","breadcrumb":{"@id":"https:\/\/otiblock.com\/cl\/para-profesionales-de-la-salud\/#breadcrumb"},"inLanguage":"es","potentialAction":[{"@type":"ReadAction","target":["https:\/\/otiblock.com\/cl\/para-profesionales-de-la-salud\/"]}]},{"@type":"BreadcrumbList","@id":"https:\/\/otiblock.com\/cl\/para-profesionales-de-la-salud\/#breadcrumb","itemListElement":[{"@type":"ListItem","position":1,"name":"Portada","item":"https:\/\/otiblock.com\/cl\/"},{"@type":"ListItem","position":2,"name":"PARA PROFESIONALES DE LA SALUD"}]},{"@type":"WebSite","@id":"https:\/\/otiblock.com\/cl\/#website","url":"https:\/\/otiblock.com\/cl\/","name":"OTIBLOCK\u00ae","description":"Spray","potentialAction":[{"@type":"SearchAction","target":{"@type":"EntryPoint","urlTemplate":"https:\/\/otiblock.com\/cl\/?s={search_term_string}"},"query-input":"required name=search_term_string"}],"inLanguage":"es"}]}},"_links":{"self":[{"href":"https:\/\/otiblock.com\/cl\/wp-json\/wp\/v2\/pages\/270"}],"collection":[{"href":"https:\/\/otiblock.com\/cl\/wp-json\/wp\/v2\/pages"}],"about":[{"href":"https:\/\/otiblock.com\/cl\/wp-json\/wp\/v2\/types\/page"}],"author":[{"embeddable":true,"href":"https:\/\/otiblock.com\/cl\/wp-json\/wp\/v2\/users\/5"}],"replies":[{"embeddable":true,"href":"https:\/\/otiblock.com\/cl\/wp-json\/wp\/v2\/comments?post=270"}],"version-history":[{"count":24,"href":"https:\/\/otiblock.com\/cl\/wp-json\/wp\/v2\/pages\/270\/revisions"}],"predecessor-version":[{"id":642,"href":"https:\/\/otiblock.com\/cl\/wp-json\/wp\/v2\/pages\/270\/revisions\/642"}],"wp:attachment":[{"href":"https:\/\/otiblock.com\/cl\/wp-json\/wp\/v2\/media?parent=270"}],"curies":[{"name":"wp","href":"https:\/\/api.w.org\/{rel}","templated":true}]}}